{"id":16501,"date":"2015-04-16T09:25:17","date_gmt":"2015-04-16T09:25:17","guid":{"rendered":"https:\/\/www.calpalandorra.com\/web-app-primera-pedra\/"},"modified":"2020-06-16T18:04:33","modified_gmt":"2020-06-16T16:04:33","slug":"fr-web-app-primera-pedra","status":"publish","type":"page","link":"https:\/\/www.calpalandorra.com\/fr\/fr-web-app-primera-pedra\/","title":{"rendered":"Web &#038; App Primera Pedra"},"content":{"rendered":"<div id=\"cmsmasters_row_c6a8dd8551\" class=\"cmsmasters_row cmsmasters_color_scheme_default cmsmasters_row_top_default cmsmasters_row_bot_default cmsmasters_row_boxed\">\n<div class=\"cmsmasters_row_outer_parent\">\n<div class=\"cmsmasters_row_outer\">\n<div class=\"cmsmasters_row_inner\">\n<div class=\"cmsmasters_row_margin\">\n<div id=\"cmsmasters_column_\" class=\"cmsmasters_column one_first\">\n<div class=\"cmsmasters_column_inner\"><div id=\"cmsmasters_heading_2tcrkcage\" class=\"cmsmasters_heading_wrap cmsmasters_heading_align_center\">\n\t<h2 class=\"cmsmasters_heading\">Web &amp; App Primera Pedra<\/h2>\n<\/div>\n<\/div><\/div>\n<\/div>\n<\/div>\n<\/div>\n<\/div>\n<\/div>\n<div id=\"cmsmasters_row_a7b5b97877\" class=\"cmsmasters_row cmsmasters_color_scheme_default cmsmasters_row_top_default cmsmasters_row_bot_default cmsmasters_row_boxed\">\n<div class=\"cmsmasters_row_outer_parent\">\n<div class=\"cmsmasters_row_outer\">\n<div class=\"cmsmasters_row_inner\">\n<div class=\"cmsmasters_row_margin\">\n<div id=\"cmsmasters_column_\" class=\"cmsmasters_column one_third\">\n<div class=\"cmsmasters_column_inner\"><div id=\"cmsmasters_fb_11f5ca422b\" class=\"cmsmasters_featured_block\">\n<div class=\"featured_block_inner\">\n<div class=\"featured_block_text\">\n<h3 class=\"icon_box_heading\"><span style=\"color: #414c55;\">Web<\/span><\/h3>\n<p>Primera pedra, toutes les constructions en pierre s\u00e8che en Andorre<\/p>\n\n<\/div>\n<\/div>\n<\/div>\n<div id=\"cmsmasters_button_mrqlssce0n\" class=\"button_wrap\"><a href=\"https:\/\/www.primerapedra.com\" class=\"cmsmasters_button cmsmasters_but_clear_styles cmsmasters_but_icon_dark_bg cmsmasters-icon-custom-web\" target=\"_blank\"><span>Visiter le site internet<\/span><\/a><\/div>\n<\/div><\/div>\n<div id=\"cmsmasters_column_\" class=\"cmsmasters_column one_third\">\n<div class=\"cmsmasters_column_inner\"><div id=\"cmsmasters_fb_218a106595\" class=\"cmsmasters_featured_block\">\n<div class=\"featured_block_inner\">\n<div class=\"featured_block_text\">\n<h3 class=\"icon_box_heading\"><span style=\"color: #414c55;\">App iOS (Apple)<\/span><\/h3>\n<p>T\u00e9l\u00e9charger l&rsquo;application pour mobiles et tablettes iOS sur l&rsquo;apple store<\/p>\n\n<\/div>\n<\/div>\n<\/div>\n<div id=\"cmsmasters_button_22qf63tp1j\" class=\"button_wrap\"><a href=\"https:\/\/itunes.apple.com\/us\/app\/primera-pedra\/id1437134287\" class=\"cmsmasters_button cmsmasters_but_clear_styles cmsmasters_but_icon_dark_bg cmsmasters-icon-apple\" target=\"_blank\"><span>T\u00e9l\u00e9charger l&rsquo;App<\/span><\/a><\/div>\n<\/div><\/div>\n<div id=\"cmsmasters_column_\" class=\"cmsmasters_column one_third\">\n<div class=\"cmsmasters_column_inner\"><div id=\"cmsmasters_fb_eef95a6031\" class=\"cmsmasters_featured_block\">\n<div class=\"featured_block_inner\">\n<div class=\"featured_block_text\">\n<h3 class=\"icon_box_heading\"><span style=\"color: #414c55;\">App Android<\/span><\/h3>\n<p>T\u00e9l\u00e9charger l&rsquo;application pour mobiles et tablettes Android sur Google Play<\/p>\n\n<\/div>\n<\/div>\n<\/div>\n<div id=\"cmsmasters_button_a5xv6izr3r\" class=\"button_wrap\"><a href=\"https:\/\/play.google.com\/store\/apps\/details?id=com.creavisio.primerapedra&#038;hl=fr\" class=\"cmsmasters_button cmsmasters_but_clear_styles cmsmasters_but_icon_dark_bg cmsmasters-icon-android\" target=\"_blank\"><span>T\u00e9l\u00e9charger l&rsquo;App<\/span><\/a><\/div>\n<\/div><\/div>\n<\/div>\n<\/div>\n<\/div>\n<\/div>\n<\/div>\n<div id=\"cmsmasters_row_0b15982d4a\" class=\"cmsmasters_row cmsmasters_color_scheme_default cmsmasters_row_top_default cmsmasters_row_bot_default cmsmasters_row_boxed\">\n<div class=\"cmsmasters_row_outer_parent\">\n<div class=\"cmsmasters_row_outer\">\n<div class=\"cmsmasters_row_inner\">\n<div class=\"cmsmasters_row_margin\">\n<div id=\"cmsmasters_column_\" class=\"cmsmasters_column one_first\">\n<div class=\"cmsmasters_column_inner\">\n<div id=\"cmsmasters_divider_c4c9a8f5a1\" class=\"cmsmasters_divider cmsmasters_divider_width_long cmsmasters_divider_pos_center\"><\/div>\n<\/div><\/div>\n<\/div>\n<\/div>\n<\/div>\n<\/div>\n<\/div>\n<div id=\"cmsmasters_row_44i0wnu3sm\" class=\"cmsmasters_row cmsmasters_color_scheme_default cmsmasters_row_top_default cmsmasters_row_bot_default cmsmasters_row_boxed\">\n<div class=\"cmsmasters_row_outer_parent\">\n<div class=\"cmsmasters_row_outer\">\n<div class=\"cmsmasters_row_inner\">\n<div class=\"cmsmasters_row_margin cmsmasters_row_columns_behavior\">\n<div id=\"cmsmasters_column_gs4yeblf8n\" class=\"cmsmasters_column one_first\">\n<div class=\"cmsmasters_column_inner\"><div id=\"cmsmasters_fb_hmvi6gy7t\" class=\"cmsmasters_featured_block\">\n<div class=\"featured_block_inner\">\n<div class=\"featured_block_text\">\n<h3 class=\"edgtf-st-title\"><span style=\"color: #757a81;\">Primera Pedra<\/span><\/h3>\n<p>Le projet fait partie du programme Cal Pal visant \u00e0 faire connaitre et faire valoir le patrimoine de la pierre s\u00e8che. Cal Pal, en plus de promouvoir la cr\u00e9ation de cette application ainsi que du site Web <a href=\"https:\/\/www.primerapedra.com\" target=\"_blank\" rel=\"noopener\">www.primerapedra.com<\/a>, organisera une s\u00e9rie d&rsquo;actions visant \u00e0 promouvoir la pierre s\u00e8che, telles qu&rsquo;une <a href=\"https:\/\/www.calpalandorra.com\/fr\/exposition-primera-pedra\/\">exposition de Jordi Fulla<\/a>, des r\u00e9unions avec des experts, des congr\u00e8s ou des s\u00e9minaires, des cours pour apprendre les techniques de la pierre s\u00e8che et des ateliers scolaires, entre autres.<\/p>\n<p id=\"cmsms_heading_5757ce4780801\" class=\"cmsms_heading\"><span style=\"color: #757a81;\">\u00a0<\/span><\/p>\n\n<\/div>\n<\/div>\n<\/div>\n<\/div><\/div>\n<\/div>\n<\/div>\n<\/div>\n<\/div>\n<\/div>\n<div id=\"cmsmasters_row_8dinb7ga8l\" class=\"cmsmasters_row cmsmasters_color_scheme_default cmsmasters_row_top_default cmsmasters_row_bot_default cmsmasters_row_boxed\">\n<div class=\"cmsmasters_row_outer_parent\">\n<div class=\"cmsmasters_row_outer\">\n<div class=\"cmsmasters_row_inner\">\n<div class=\"cmsmasters_row_margin\">\n<div id=\"cmsmasters_column_0kxmkwg2e\" class=\"cmsmasters_column one_half\">\n<div class=\"cmsmasters_column_inner\"><div id=\"cmsmasters_heading_jptqoq8af7\" class=\"cmsmasters_heading_wrap cmsmasters_heading_align_left\">\n\t<h5 class=\"cmsmasters_heading\">RESTEZ CONNECT\u00c9\u00a0!<\/h5>\n<\/div><div id=\"cmsmasters_heading_l6o7genvc\" class=\"cmsmasters_heading_wrap cmsmasters_heading_align_left\">\n\t<h2 class=\"cmsmasters_heading\">Inscrivez-vous\u00a0!<\/h2>\n<\/div>\n<\/div><\/div>\n<div id=\"cmsmasters_column_aztfsbfunr\" class=\"cmsmasters_column one_half\">\n<div class=\"cmsmasters_column_inner\"><div class=\"cmsmasters_text\">\n<p><span class=\"s1\">Recevez des informations sur nos expositions, nos \u00e9v\u00e9nements et bien plus encore, par courriel\u00a0:<\/span><\/p>\n<\/div>\n<div class=\"cmsmasters_mailpoet\">  \n  \n  <div class=\"\n    mailpoet_form_popup_overlay\n      \"><\/div>\n  <div\n    id=\"mailpoet_form_4\"\n    class=\"\n      mailpoet_form\n      mailpoet_form_shortcode\n      mailpoet_form_position_\n      mailpoet_form_animation_\n    \"\n      >\n\n    <style type=\"text\/css\">\n     #mailpoet_form_4 .mailpoet_form {  }\n#mailpoet_form_4 .mailpoet_column_with_background { padding: 10px; }\n#mailpoet_form_4 .mailpoet_form_column:not(:first-child) { margin-left: 20px; }\n#mailpoet_form_4 .mailpoet_paragraph { line-height: 20px; margin-bottom: 20px; }\n#mailpoet_form_4 .mailpoet_segment_label, #mailpoet_form_4 .mailpoet_text_label, #mailpoet_form_4 .mailpoet_textarea_label, #mailpoet_form_4 .mailpoet_select_label, #mailpoet_form_4 .mailpoet_radio_label, #mailpoet_form_4 .mailpoet_checkbox_label, #mailpoet_form_4 .mailpoet_list_label, #mailpoet_form_4 .mailpoet_date_label { display: block; font-weight: normal; }\n#mailpoet_form_4 .mailpoet_text, #mailpoet_form_4 .mailpoet_textarea, #mailpoet_form_4 .mailpoet_select, #mailpoet_form_4 .mailpoet_date_month, #mailpoet_form_4 .mailpoet_date_day, #mailpoet_form_4 .mailpoet_date_year, #mailpoet_form_4 .mailpoet_date { display: block; }\n#mailpoet_form_4 .mailpoet_text, #mailpoet_form_4 .mailpoet_textarea { width: 200px; }\n#mailpoet_form_4 .mailpoet_checkbox {  }\n#mailpoet_form_4 .mailpoet_submit {  }\n#mailpoet_form_4 .mailpoet_divider {  }\n#mailpoet_form_4 .mailpoet_message {  }\n#mailpoet_form_4 .mailpoet_form_loading { width: 30px; text-align: center; line-height: normal; }\n#mailpoet_form_4 .mailpoet_form_loading > span { width: 5px; height: 5px; background-color: #5b5b5b; }#mailpoet_form_4{border-radius: 0px;text-align: left;}#mailpoet_form_4 form.mailpoet_form {padding: 20px;}#mailpoet_form_4{width: 100%;}#mailpoet_form_4 .mailpoet_message {margin: 0; padding: 0 20px;}#mailpoet_form_4 .mailpoet_paragraph.last {margin-bottom: 0} @media (max-width: 500px) {#mailpoet_form_4 {background-image: none;}} @media (min-width: 500px) {#mailpoet_form_4 .last .mailpoet_paragraph:last-child {margin-bottom: 0}}  @media (max-width: 500px) {#mailpoet_form_4 .mailpoet_form_column:last-child .mailpoet_paragraph:last-child {margin-bottom: 0}} \n    <\/style>\n\n    <form\n      target=\"_self\"\n      method=\"post\"\n      action=\"https:\/\/www.calpalandorra.com\/wp-admin\/admin-post.php?action=mailpoet_subscription_form\"\n      class=\"mailpoet_form mailpoet_form_form mailpoet_form_shortcode\"\n      novalidate\n      data-delay=\"\"\n      data-exit-intent-enabled=\"\"\n      data-font-family=\"\"\n      data-cookie-expiration-time=\"\"\n    >\n      <input type=\"hidden\" name=\"data[form_id]\" value=\"4\" \/>\n      <input type=\"hidden\" name=\"token\" value=\"d331eab60e\" \/>\n      <input type=\"hidden\" name=\"api_version\" value=\"v1\" \/>\n      <input type=\"hidden\" name=\"endpoint\" value=\"subscribers\" \/>\n      <input type=\"hidden\" name=\"mailpoet_method\" value=\"subscribe\" \/>\n\n      <label class=\"mailpoet_hp_email_label\" style=\"display: none !important;\">Veuillez laisser ce champ vide<input type=\"email\" name=\"data[email]\"\/><\/label><div class=\"mailpoet_paragraph \"><input type=\"email\" autocomplete=\"email\" class=\"mailpoet_text\" id=\"form_email_4\" name=\"data[form_field_YjEwOTdlZTUxMzgxX2VtYWls]\" title=\"E-mail\" value=\"\" style=\"width:100%;box-sizing:border-box;padding:5px;margin: 0 auto 0 0;\" data-automation-id=\"form_email\"  placeholder=\"E-mail *\" aria-label=\"E-mail *\" data-parsley-errors-container=\".mailpoet_error_i2g7c\" data-parsley-required=\"true\" required aria-required=\"true\" data-parsley-minlength=\"6\" data-parsley-maxlength=\"150\" data-parsley-type-message=\"Cette valeur doit \u00eatre un e-mail valide.\" data-parsley-required-message=\"Ce champ est n\u00e9cessaire.\"\/><span class=\"mailpoet_error_i2g7c\"><\/span><\/div>\n<div class=\"mailpoet_paragraph \"><fieldset><input type=\"hidden\" value=\"1\"  name=\"data[cf_5]\" \/><label class=\"mailpoet_checkbox_label\" for=\"mailpoet_checkbox_1\" ><input type=\"checkbox\" class=\"mailpoet_checkbox\" id=\"mailpoet_checkbox_1\" name=\"data[cf_5]\" value=\"1\" data-parsley-errors-container=\".mailpoet_error_1jtl5\" data-parsley-required=\"true\" required aria-required=\"true\" data-parsley-required-message=\"Ce champ est n\u00e9cessaire.\" data-parsley-group=\"custom_field_5\" \/> J'accepte la <a href=\"https:\/\/www.calpalandorra.com\/politica-de-privacitat\/\" target=\"_blank\">politique de confidentialit\u00e9<\/a><\/label><\/fieldset><span class=\"mailpoet_error_1jtl5\"><\/span><\/div>\n<div class=\"mailpoet_recaptcha\" data-sitekey=\"6LdUt0AnAAAAACAllPBnfb361NyJudt5WuDuhbuP\" data-size=\"invisible\">\n      <div class=\"mailpoet_recaptcha_container\"><\/div>\n      <noscript>\n        <div>\n          <div class=\"mailpoet_recaptcha_noscript_container\">\n            <div>\n              <iframe src=\"https:\/\/www.google.com\/recaptcha\/api\/fallback?k=6LdUt0AnAAAAACAllPBnfb361NyJudt5WuDuhbuP\" frameborder=\"0\" scrolling=\"no\">\n              <\/iframe>\n            <\/div>\n          <\/div>\n          <div class=\"mailpoet_recaptcha_noscript_input\">\n            <textarea id=\"g-recaptcha-response\" name=\"data[recaptcha]\" class=\"g-recaptcha-response\">\n            <\/textarea>\n          <\/div>\n        <\/div>\n      <\/noscript>\n      <input class=\"mailpoet_recaptcha_field\" type=\"hidden\" name=\"recaptchaWidgetId\">\n    <\/div><div class=\"mailpoet_paragraph \"><input type=\"submit\" class=\"mailpoet_submit\" value=\"Inscrivez-vous\" data-automation-id=\"subscribe-submit-button\" style=\"width:100%;box-sizing:border-box;padding:5px;margin: 0 auto 0 0;border-color:transparent;\" \/><span class=\"mailpoet_form_loading\"><span class=\"mailpoet_bounce1\"><\/span><span class=\"mailpoet_bounce2\"><\/span><span class=\"mailpoet_bounce3\"><\/span><\/span><\/div>\n\n      <div class=\"mailpoet_message\">\n        <p class=\"mailpoet_validate_success\"\n                style=\"display:none;\"\n                >Please check your inbox or spam folder to confirm your subscription.\n        <\/p>\n        <p class=\"mailpoet_validate_error\"\n                style=\"display:none;\"\n                >        <\/p>\n      <\/div>\n    <\/form>\n\n      <\/div>\n\n  <\/div>\n<\/div><\/div>\n<\/div>\n<\/div>\n<\/div>\n<\/div>\n<\/div>\n\n","protected":false},"excerpt":{"rendered":"","protected":false},"author":1,"featured_media":0,"parent":0,"menu_order":0,"comment_status":"closed","ping_status":"closed","template":"","meta":{"footnotes":""},"class_list":["post-16501","page","type-page","status-publish","hentry"],"_links":{"self":[{"href":"https:\/\/www.calpalandorra.com\/fr\/wp-json\/wp\/v2\/pages\/16501","targetHints":{"allow":["GET"]}}],"collection":[{"href":"https:\/\/www.calpalandorra.com\/fr\/wp-json\/wp\/v2\/pages"}],"about":[{"href":"https:\/\/www.calpalandorra.com\/fr\/wp-json\/wp\/v2\/types\/page"}],"author":[{"embeddable":true,"href":"https:\/\/www.calpalandorra.com\/fr\/wp-json\/wp\/v2\/users\/1"}],"replies":[{"embeddable":true,"href":"https:\/\/www.calpalandorra.com\/fr\/wp-json\/wp\/v2\/comments?post=16501"}],"version-history":[{"count":4,"href":"https:\/\/www.calpalandorra.com\/fr\/wp-json\/wp\/v2\/pages\/16501\/revisions"}],"predecessor-version":[{"id":17433,"href":"https:\/\/www.calpalandorra.com\/fr\/wp-json\/wp\/v2\/pages\/16501\/revisions\/17433"}],"wp:attachment":[{"href":"https:\/\/www.calpalandorra.com\/fr\/wp-json\/wp\/v2\/media?parent=16501"}],"curies":[{"name":"wp","href":"https:\/\/api.w.org\/{rel}","templated":true}]}}