{"id":16210,"date":"2019-01-30T14:24:23","date_gmt":"2019-01-30T12:24:23","guid":{"rendered":"https:\/\/www.calpalandorra.com\/?page_id=16210"},"modified":"2026-01-22T17:19:50","modified_gmt":"2026-01-22T16:19:50","slug":"contact","status":"publish","type":"page","link":"https:\/\/www.calpalandorra.com\/fr\/contact\/","title":{"rendered":"Contact"},"content":{"rendered":"<div id=\"cmsmasters_row_9iyqndl5e\" class=\"cmsmasters_row cmsmasters_color_scheme_default cmsmasters_row_top_default cmsmasters_row_bot_default cmsmasters_row_boxed\">\n<div class=\"cmsmasters_row_outer_parent\">\n<div class=\"cmsmasters_row_outer\">\n<div class=\"cmsmasters_row_inner\">\n<div class=\"cmsmasters_row_margin\">\n<div id=\"cmsmasters_column_7rydvir2oa\" class=\"cmsmasters_column one_first\">\n<div class=\"cmsmasters_column_inner\"><div id=\"cmsmasters_heading_vbb3q9nyua\" class=\"cmsmasters_heading_wrap cmsmasters_heading_align_center\">\n\t<h2 class=\"cmsmasters_heading\">Contact<\/h2>\n<\/div>\n<\/div><\/div>\n<\/div>\n<\/div>\n<\/div>\n<\/div>\n<\/div>\n<div id=\"cmsmasters_row_o10j3l86r8\" class=\"cmsmasters_row cmsmasters_color_scheme_default cmsmasters_row_top_default cmsmasters_row_bot_default cmsmasters_row_boxed\">\n<div class=\"cmsmasters_row_outer_parent\">\n<div class=\"cmsmasters_row_outer\">\n<div class=\"cmsmasters_row_inner\">\n<div class=\"cmsmasters_row_margin\">\n<div id=\"cmsmasters_column_3w6j1tigoo\" class=\"cmsmasters_column one_third\">\n<div class=\"cmsmasters_column_inner\"><div class=\"cmsmasters_text\">\n<div id=\"cmsmasters_heading_su368sn1p\" class=\"cmsmasters_heading_wrap cmsmasters_heading_align_left\">\n\t<h6 class=\"cmsmasters_heading\"><span class=\"s1\">ADRESSE<\/span><\/h6>\n<\/div>\n<p>Cal Pal<br \/>\nCarrer de Pal n\u00ba 1,<br \/>\nAD300 La Cortinada, Ordino<br \/>\n<span class=\"s1\">Principaut\u00e9 d\u2019Andorre<\/span><div id=\"cmsmasters_divider_lot0gcat72\" class=\"cl\"><\/div><div id=\"cmsmasters_heading_v0jids02wk\" class=\"cmsmasters_heading_wrap cmsmasters_heading_align_left\">\n\t<h6 class=\"cmsmasters_heading\"><span class=\"s1\">T\u00c9L\u00c9PHONE<\/span><\/h6>\n<\/div>\n<p>+376 338 096<div id=\"cmsmasters_divider_lot0gcat72\" class=\"cl\"><\/div><div id=\"cmsmasters_heading_cio6bkydus\" class=\"cmsmasters_heading_wrap cmsmasters_heading_align_left\">\n\t<h6 class=\"cmsmasters_heading\"><\/h6>\n<\/div>\n<\/div>\n<\/div><\/div>\n<div id=\"cmsmasters_column_tpefpbkbgu\" class=\"cmsmasters_column two_third\">\n<div class=\"cmsmasters_column_inner\">\n<div class=\"cmsmasters_contact_form\">\n<div class=\"wpcf7 no-js\" id=\"wpcf7-f16180-o1\" lang=\"en-US\" dir=\"ltr\" data-wpcf7-id=\"16180\">\n<div class=\"screen-reader-response\"><p role=\"status\" aria-live=\"polite\" aria-atomic=\"true\"><\/p> <ul><\/ul><\/div>\n<form action=\"\/fr\/wp-json\/wp\/v2\/pages\/16210#wpcf7-f16180-o1\" method=\"post\" class=\"wpcf7-form init\" aria-label=\"Contact form\" novalidate=\"novalidate\" data-status=\"init\">\n<fieldset class=\"hidden-fields-container\"><input type=\"hidden\" name=\"_wpcf7\" value=\"16180\" \/><input type=\"hidden\" name=\"_wpcf7_version\" value=\"6.1.3\" \/><input type=\"hidden\" name=\"_wpcf7_locale\" value=\"en_US\" \/><input type=\"hidden\" name=\"_wpcf7_unit_tag\" value=\"wpcf7-f16180-o1\" \/><input type=\"hidden\" name=\"_wpcf7_container_post\" value=\"0\" \/><input type=\"hidden\" name=\"_wpcf7_posted_data_hash\" value=\"\" \/>\n<\/fieldset>\n<div class=\"cmsmasters-form-builder\">\n\t<div class=\"form_info one_half\">\n\t\t<p><label> VOTRE NOM ET PR\u00c9NOM* <\/label><span class=\"wpcf7-form-control-wrap\" data-name=\"your-name\"><input size=\"40\" maxlength=\"400\" class=\"wpcf7-form-control wpcf7-text wpcf7-validates-as-required\" aria-required=\"true\" aria-invalid=\"false\" placeholder=\"Nom et pr\u00e9nom\" value=\"\" type=\"text\" name=\"your-name\" \/><\/span>\n\t\t<\/p>\n\t<\/div>\n\t<div class=\"form_info one_half\">\n\t\t<p><label> VOTRE EMAIL* <\/label><span class=\"wpcf7-form-control-wrap\" data-name=\"your-email\"><input size=\"40\" maxlength=\"400\" class=\"wpcf7-form-control wpcf7-email wpcf7-validates-as-required wpcf7-text wpcf7-validates-as-email\" aria-required=\"true\" aria-invalid=\"false\" placeholder=\"Adresse \u00e9lectronique\" value=\"\" type=\"email\" name=\"your-email\" \/><\/span>\n\t\t<\/p>\n\t<\/div>\n\t<div class=\"form_info one_first\">\n\t\t<p><label> VOTRE MESSAGE* <\/label><span class=\"wpcf7-form-control-wrap\" data-name=\"your-message\"><textarea cols=\"40\" rows=\"6\" maxlength=\"2000\" class=\"wpcf7-form-control wpcf7-textarea wpcf7-validates-as-required\" aria-required=\"true\" aria-invalid=\"false\" placeholder=\"Message\" name=\"your-message\"><\/textarea><\/span>\n\t\t<\/p>\n\t<\/div>\n\t<div class=\"form_info one_half\">\n\t\t<p><span class=\"wpcf7-form-control-wrap\" data-name=\"quiz-717\"><label><span class=\"wpcf7-quiz-label\">QUESTION ANTI-SPAM : 125 plus 5?<\/span> <input size=\"40\" class=\"wpcf7-form-control wpcf7-quiz\" autocomplete=\"off\" aria-required=\"true\" aria-invalid=\"false\" type=\"text\" name=\"quiz-717\" \/><\/label><input type=\"hidden\" name=\"_wpcf7_quiz_answer_quiz-717\" value=\"0f8792da5fb968dd4fbccf1580c93828\" \/><\/span>\n\t\t<\/p>\n\t<\/div>\n\t<div class=\"form_info one_first\">\n\t\t<p><span class=\"wpcf7-form-control-wrap\" data-name=\"acceptance-476\"><span class=\"wpcf7-form-control wpcf7-acceptance\"><span class=\"wpcf7-list-item\"><label><input type=\"checkbox\" name=\"acceptance-476\" value=\"1\" aria-invalid=\"false\" \/><span class=\"wpcf7-list-item-label\">J'accepte la <a href=\"https:\/\/www.calpalandorra.com\/politica-de-privacitat\/\" target=\"_blank\">politique de confidentialit\u00e9<\/a><\/span><\/label><\/span><\/span><\/span>\n\t\t<\/p>\n\t<\/div>\n\t<div class=\"form_info one_first\">\n\t\t<p><input class=\"wpcf7-form-control wpcf7-submit has-spinner\" type=\"submit\" value=\"Envoyer\" \/>\n\t\t<\/p>\n\t<\/div>\n<\/div><div class=\"wpcf7-response-output\" aria-hidden=\"true\"><\/div>\n<\/form>\n<\/div>\n<\/div>\n<\/div><\/div>\n<\/div>\n<\/div>\n<\/div>\n<\/div>\n<\/div>\n<div id=\"cmsmasters_row_d8eq3z904\" class=\"cmsmasters_row cmsmasters_color_scheme_default cmsmasters_row_top_default cmsmasters_row_bot_default cmsmasters_row_boxed\">\n<div id=\"horaris\" class=\"cmsmasters_row_outer_parent\">\n<div class=\"cmsmasters_row_outer\">\n<div class=\"cmsmasters_row_inner\">\n<div class=\"cmsmasters_row_margin\">\n<div id=\"cmsmasters_column_4hfdlbu04s\" class=\"cmsmasters_column one_third\">\n<div class=\"cmsmasters_column_inner\"><div class=\"custom_html\">\n<p><a id=\"mapa\"><\/a><\/p>\n<\/div>\n<div id=\"cmsmasters_heading_xv9iuef24\" class=\"cmsmasters_heading_wrap cmsmasters_heading_align_left\">\n\t<h5 class=\"cmsmasters_heading\">CARTA \/ Horaires<\/h5>\n<\/div><div id=\"cmsmasters_heading_xpjj6ejww\" class=\"cmsmasters_heading_wrap cmsmasters_heading_align_left\">\n\t<h2 class=\"cmsmasters_heading\">Cal Pal<\/h2>\n<\/div><div id=\"cmsmasters_heading_8e4dddgcfa\" class=\"cmsmasters_heading_wrap cmsmasters_heading_align_left\">\n\t<h4 class=\"cmsmasters_heading\">Horaires: <\/h4>\n<\/div><div class=\"cmsmasters_text\">\n<p>Samedi, de\u00a010h\u00a0\u00e0\u00a014h\u00a0et\u00a0de\u00a015h\u00a0\u00e0\u00a019h.<br \/>\nDimanche,\u00a0de\u00a010h\u00a0\u00e0\u00a014h.<\/p>\n<p><strong>Pour les visites guid\u00e9es :<br \/>\n<\/strong>Sur Rendez-vous.<br \/>\nR\u00e9servation pr\u00e9alable : (+ 376) 338 096<br \/>\nLangues: catalan, espagnol, fran\u00e7ais et anglais<\/p>\n<\/div>\n<\/div><\/div>\n<div id=\"cmsmasters_column_9xfueno22l\" class=\"cmsmasters_column two_third\">\n<div class=\"cmsmasters_column_inner\"><div class=\"custom_html\">\n<iframe loading=\"lazy\" src=\"https:\/\/www.google.com\/maps\/embed?pb=!1m14!1m8!1m3!1d11752.257261845747!2d1.5111770380371095!3d42.57515734784259!3m2!1i1024!2i768!4f13.1!3m3!1m2!1s0x0%3A0x2e28d1e44105e31a!2sCal+Pal!5e0!3m2!1sca!2sad!4v1539368043844\" width=\"762\" height=\"509\" frameborder=\"0\" style=\"border:0\" allowfullscreen><\/iframe>\n<\/div>\n<\/div><\/div>\n<\/div>\n<\/div>\n<\/div>\n<\/div>\n<\/div>\n<div id=\"cmsmasters_row_so2ky3sxd\" class=\"cmsmasters_row cmsmasters_color_scheme_default cmsmasters_row_top_default cmsmasters_row_bot_default cmsmasters_row_boxed\">\n<div id=\"horaris\" class=\"cmsmasters_row_outer_parent\">\n<div class=\"cmsmasters_row_outer\">\n<div class=\"cmsmasters_row_inner\">\n<div class=\"cmsmasters_row_margin\">\n<div id=\"cmsmasters_column_486z0rst6\" class=\"cmsmasters_column one_first\">\n<div class=\"cmsmasters_column_inner\"><div class=\"custom_html\">\n<p><a id=\"prix\"><\/a><\/p>\n<\/div>\n<div id=\"cmsmasters_heading_y35fn2rv0l\" class=\"cmsmasters_heading_wrap cmsmasters_heading_align_left\">\n\t<h5 class=\"cmsmasters_heading\">Prix entr\u00e9es<\/h5>\n<\/div><div class=\"cmsmasters_text\">\n<p><strong>Tarif g\u00e9n\u00e9ral adulte :<\/strong> 3 \u20ac<br \/>\n<strong>Tarif r\u00e9duit :<\/strong> 1,5 \u20ac pour les plus de 65 ans, les groupes de plus de 10 personnes, les titulaires de la carte d&rsquo;\u00e9tudiant et du PassMuseum<br \/>\n<strong>Entr\u00e9e gratuite :<\/strong> enfants de moins de 10 ans, titulaires du Carnet Jove, handicap\u00e9s, ch\u00f4meurs, carte ICOM-ICOMOS<br \/>\n<strong>L&rsquo;entr\u00e9e \u00e0 Cal Pal sera gratuite le 1er et le 3\u00e8me samedi de chaque mois pour les r\u00e9sidents du pays.<\/strong><\/p>\n<\/div>\n<\/div><\/div>\n<\/div>\n<\/div>\n<\/div>\n<\/div>\n<\/div>\n<div id=\"cmsmasters_row_9tsklilw52\" class=\"cmsmasters_row cmsmasters_color_scheme_default cmsmasters_row_top_default cmsmasters_row_bot_default cmsmasters_row_boxed\">\n<div class=\"cmsmasters_row_outer_parent\">\n<div class=\"cmsmasters_row_outer\">\n<div class=\"cmsmasters_row_inner\">\n<div class=\"cmsmasters_row_margin\">\n<div id=\"cmsmasters_column_0kxmkwg2e\" class=\"cmsmasters_column one_half\">\n<div class=\"cmsmasters_column_inner\"><div id=\"cmsmasters_heading_kab77pigqm\" class=\"cmsmasters_heading_wrap cmsmasters_heading_align_left\">\n\t<h5 class=\"cmsmasters_heading\">RESTEZ CONNECT\u00c9\u00a0!<\/h5>\n<\/div><div id=\"cmsmasters_heading_l6o7genvc\" class=\"cmsmasters_heading_wrap cmsmasters_heading_align_left\">\n\t<h2 class=\"cmsmasters_heading\">Inscrivez-vous\u00a0!<\/h2>\n<\/div>\n<\/div><\/div>\n<div id=\"cmsmasters_column_aztfsbfunr\" class=\"cmsmasters_column one_half\">\n<div class=\"cmsmasters_column_inner\"><div class=\"cmsmasters_text\">\n<p class=\"p1\"><span class=\"s1\">Recevez les actualisations sur nos expositions, nos \u00e9v\u00e9nements et bien plus encore, par courriel\u00a0:<\/span><\/p>\n<\/div>\n<div class=\"cmsmasters_mailpoet\">  \n  \n  <div class=\"\n    mailpoet_form_popup_overlay\n      \"><\/div>\n  <div\n    id=\"mailpoet_form_4\"\n    class=\"\n      mailpoet_form\n      mailpoet_form_shortcode\n      mailpoet_form_position_\n      mailpoet_form_animation_\n    \"\n      >\n\n    <style type=\"text\/css\">\n     #mailpoet_form_4 .mailpoet_form {  }\n#mailpoet_form_4 .mailpoet_column_with_background { padding: 10px; }\n#mailpoet_form_4 .mailpoet_form_column:not(:first-child) { margin-left: 20px; }\n#mailpoet_form_4 .mailpoet_paragraph { line-height: 20px; margin-bottom: 20px; }\n#mailpoet_form_4 .mailpoet_segment_label, #mailpoet_form_4 .mailpoet_text_label, #mailpoet_form_4 .mailpoet_textarea_label, #mailpoet_form_4 .mailpoet_select_label, #mailpoet_form_4 .mailpoet_radio_label, #mailpoet_form_4 .mailpoet_checkbox_label, #mailpoet_form_4 .mailpoet_list_label, #mailpoet_form_4 .mailpoet_date_label { display: block; font-weight: normal; }\n#mailpoet_form_4 .mailpoet_text, #mailpoet_form_4 .mailpoet_textarea, #mailpoet_form_4 .mailpoet_select, #mailpoet_form_4 .mailpoet_date_month, #mailpoet_form_4 .mailpoet_date_day, #mailpoet_form_4 .mailpoet_date_year, #mailpoet_form_4 .mailpoet_date { display: block; }\n#mailpoet_form_4 .mailpoet_text, #mailpoet_form_4 .mailpoet_textarea { width: 200px; }\n#mailpoet_form_4 .mailpoet_checkbox {  }\n#mailpoet_form_4 .mailpoet_submit {  }\n#mailpoet_form_4 .mailpoet_divider {  }\n#mailpoet_form_4 .mailpoet_message {  }\n#mailpoet_form_4 .mailpoet_form_loading { width: 30px; text-align: center; line-height: normal; }\n#mailpoet_form_4 .mailpoet_form_loading > span { width: 5px; height: 5px; background-color: #5b5b5b; }#mailpoet_form_4{border-radius: 0px;text-align: left;}#mailpoet_form_4 form.mailpoet_form {padding: 20px;}#mailpoet_form_4{width: 100%;}#mailpoet_form_4 .mailpoet_message {margin: 0; padding: 0 20px;}#mailpoet_form_4 .mailpoet_paragraph.last {margin-bottom: 0} @media (max-width: 500px) {#mailpoet_form_4 {background-image: none;}} @media (min-width: 500px) {#mailpoet_form_4 .last .mailpoet_paragraph:last-child {margin-bottom: 0}}  @media (max-width: 500px) {#mailpoet_form_4 .mailpoet_form_column:last-child .mailpoet_paragraph:last-child {margin-bottom: 0}} \n    <\/style>\n\n    <form\n      target=\"_self\"\n      method=\"post\"\n      action=\"https:\/\/www.calpalandorra.com\/wp-admin\/admin-post.php?action=mailpoet_subscription_form\"\n      class=\"mailpoet_form mailpoet_form_form mailpoet_form_shortcode\"\n      novalidate\n      data-delay=\"\"\n      data-exit-intent-enabled=\"\"\n      data-font-family=\"\"\n      data-cookie-expiration-time=\"\"\n    >\n      <input type=\"hidden\" name=\"data[form_id]\" value=\"4\" \/>\n      <input type=\"hidden\" name=\"token\" value=\"8c33e4717d\" \/>\n      <input type=\"hidden\" name=\"api_version\" value=\"v1\" \/>\n      <input type=\"hidden\" name=\"endpoint\" value=\"subscribers\" \/>\n      <input type=\"hidden\" name=\"mailpoet_method\" value=\"subscribe\" \/>\n\n      <label class=\"mailpoet_hp_email_label\" style=\"display: none !important;\">Veuillez laisser ce champ vide<input type=\"email\" name=\"data[email]\"\/><\/label><div class=\"mailpoet_paragraph \"><input type=\"email\" autocomplete=\"email\" class=\"mailpoet_text\" id=\"form_email_4\" name=\"data[form_field_YjEwOTdlZTUxMzgxX2VtYWls]\" title=\"E-mail\" value=\"\" style=\"width:100%;box-sizing:border-box;padding:5px;margin: 0 auto 0 0;\" data-automation-id=\"form_email\"  placeholder=\"E-mail *\" aria-label=\"E-mail *\" data-parsley-errors-container=\".mailpoet_error_68vov\" data-parsley-required=\"true\" required aria-required=\"true\" data-parsley-minlength=\"6\" data-parsley-maxlength=\"150\" data-parsley-type-message=\"Cette valeur doit \u00eatre un e-mail valide.\" data-parsley-required-message=\"Ce champ est n\u00e9cessaire.\"\/><span class=\"mailpoet_error_68vov\"><\/span><\/div>\n<div class=\"mailpoet_paragraph \"><fieldset><input type=\"hidden\" value=\"1\"  name=\"data[cf_5]\" \/><label class=\"mailpoet_checkbox_label\" for=\"mailpoet_checkbox_1\" ><input type=\"checkbox\" class=\"mailpoet_checkbox\" id=\"mailpoet_checkbox_1\" name=\"data[cf_5]\" value=\"1\" data-parsley-errors-container=\".mailpoet_error_17cwd\" data-parsley-required=\"true\" required aria-required=\"true\" data-parsley-required-message=\"Ce champ est n\u00e9cessaire.\" data-parsley-group=\"custom_field_5\" \/> J'accepte la <a href=\"https:\/\/www.calpalandorra.com\/politica-de-privacitat\/\" target=\"_blank\">politique de confidentialit\u00e9<\/a><\/label><\/fieldset><span class=\"mailpoet_error_17cwd\"><\/span><\/div>\n<div class=\"mailpoet_recaptcha\" data-sitekey=\"6LdUt0AnAAAAACAllPBnfb361NyJudt5WuDuhbuP\" data-size=\"invisible\">\n      <div class=\"mailpoet_recaptcha_container\"><\/div>\n      <noscript>\n        <div>\n          <div class=\"mailpoet_recaptcha_noscript_container\">\n            <div>\n              <iframe src=\"https:\/\/www.google.com\/recaptcha\/api\/fallback?k=6LdUt0AnAAAAACAllPBnfb361NyJudt5WuDuhbuP\" frameborder=\"0\" scrolling=\"no\">\n              <\/iframe>\n            <\/div>\n          <\/div>\n          <div class=\"mailpoet_recaptcha_noscript_input\">\n            <textarea id=\"g-recaptcha-response\" name=\"data[recaptcha]\" class=\"g-recaptcha-response\">\n            <\/textarea>\n          <\/div>\n        <\/div>\n      <\/noscript>\n      <input class=\"mailpoet_recaptcha_field\" type=\"hidden\" name=\"recaptchaWidgetId\">\n    <\/div><div class=\"mailpoet_paragraph \"><input type=\"submit\" class=\"mailpoet_submit\" value=\"Inscrivez-vous\" data-automation-id=\"subscribe-submit-button\" style=\"width:100%;box-sizing:border-box;padding:5px;margin: 0 auto 0 0;border-color:transparent;\" \/><span class=\"mailpoet_form_loading\"><span class=\"mailpoet_bounce1\"><\/span><span class=\"mailpoet_bounce2\"><\/span><span class=\"mailpoet_bounce3\"><\/span><\/span><\/div>\n\n      <div class=\"mailpoet_message\">\n        <p class=\"mailpoet_validate_success\"\n                style=\"display:none;\"\n                >Please check your inbox or spam folder to confirm your subscription.\n        <\/p>\n        <p class=\"mailpoet_validate_error\"\n                style=\"display:none;\"\n                >        <\/p>\n      <\/div>\n    <\/form>\n\n      <\/div>\n\n  <\/div>\n<\/div><\/div>\n<\/div>\n<\/div>\n<\/div>\n<\/div>\n<\/div>\n\n","protected":false},"excerpt":{"rendered":"","protected":false},"author":1,"featured_media":0,"parent":0,"menu_order":0,"comment_status":"closed","ping_status":"closed","template":"","meta":{"footnotes":""},"class_list":["post-16210","page","type-page","status-publish","hentry"],"_links":{"self":[{"href":"https:\/\/www.calpalandorra.com\/fr\/wp-json\/wp\/v2\/pages\/16210","targetHints":{"allow":["GET"]}}],"collection":[{"href":"https:\/\/www.calpalandorra.com\/fr\/wp-json\/wp\/v2\/pages"}],"about":[{"href":"https:\/\/www.calpalandorra.com\/fr\/wp-json\/wp\/v2\/types\/page"}],"author":[{"embeddable":true,"href":"https:\/\/www.calpalandorra.com\/fr\/wp-json\/wp\/v2\/users\/1"}],"replies":[{"embeddable":true,"href":"https:\/\/www.calpalandorra.com\/fr\/wp-json\/wp\/v2\/comments?post=16210"}],"version-history":[{"count":42,"href":"https:\/\/www.calpalandorra.com\/fr\/wp-json\/wp\/v2\/pages\/16210\/revisions"}],"predecessor-version":[{"id":19668,"href":"https:\/\/www.calpalandorra.com\/fr\/wp-json\/wp\/v2\/pages\/16210\/revisions\/19668"}],"wp:attachment":[{"href":"https:\/\/www.calpalandorra.com\/fr\/wp-json\/wp\/v2\/media?parent=16210"}],"curies":[{"name":"wp","href":"https:\/\/api.w.org\/{rel}","templated":true}]}}