{"id":16335,"date":"2019-02-07T12:07:31","date_gmt":"2019-02-07T10:07:31","guid":{"rendered":"https:\/\/www.calpalandorra.com\/?page_id=16335"},"modified":"2020-06-15T12:58:13","modified_gmt":"2020-06-15T10:58:13","slug":"la-piedra-seca","status":"publish","type":"page","link":"https:\/\/www.calpalandorra.com\/es\/la-piedra-seca\/","title":{"rendered":"La \u00abPiedra Seca\u00bb"},"content":{"rendered":"<div id=\"cmsmasters_row_bzjbu0atjl\" class=\"cmsmasters_row cmsmasters_color_scheme_default cmsmasters_row_top_default cmsmasters_row_bot_default cmsmasters_row_boxed\">\n<div class=\"cmsmasters_row_outer_parent\">\n<div class=\"cmsmasters_row_outer\">\n<div class=\"cmsmasters_row_inner\">\n<div class=\"cmsmasters_row_margin\">\n<div id=\"cmsmasters_column_n5tdbhjru\" class=\"cmsmasters_column one_first\">\n<div class=\"cmsmasters_column_inner\"><div id=\"cmsmasters_heading_xahp49ac71\" class=\"cmsmasters_heading_wrap cmsmasters_heading_align_center\">\n\t<h2 class=\"cmsmasters_heading\">La \u00abPiedra Seca\u00bb<\/h2>\n<\/div>\n<\/div><\/div>\n<\/div>\n<\/div>\n<\/div>\n<\/div>\n<\/div>\n<div id=\"cmsmasters_row_fl4sd43x5e\" class=\"cmsmasters_row cmsmasters_color_scheme_third cmsmasters_row_top_default cmsmasters_row_bot_default cmsmasters_row_boxed\">\n<div class=\"cmsmasters_row_outer_parent\">\n<div class=\"cmsmasters_row_outer\">\n<div class=\"cmsmasters_row_inner\">\n<div class=\"cmsmasters_row_margin\">\n<div id=\"cmsmasters_column_bsieq9zz7j\" class=\"cmsmasters_column one_half\">\n<div class=\"cmsmasters_column_inner\"><div id=\"cmsmasters_heading_zi42xufp8\" class=\"cmsmasters_heading_wrap cmsmasters_heading_align_left\">\n\t<h5 class=\"cmsmasters_heading\">Tema de reflexi\u00f3n<\/h5>\n<\/div><div id=\"cmsmasters_heading_6lt5mnzi4\" class=\"cmsmasters_heading_wrap cmsmasters_heading_align_left\">\n\t<h2 class=\"cmsmasters_heading\">Descubrir los or\u00edgenes de Andorra a trav\u00e9s de la piedra seca<\/h2>\n<\/div><div id=\"cmsmasters_heading_ybhrb61i8g\" class=\"cmsmasters_heading_wrap cmsmasters_heading_align_left\">\n\t<h4 class=\"cmsmasters_heading\">Una de las primeras actividades que Cal Pal pone en marcha es el proyecto \u00abPrimera Pedra\u00bb, una iniciativa encaminada a estudiar, dar a conocer y preservar las construcciones de piedra seca del pa\u00eds. A trav\u00e9s de este tipo de estructuras se explican y se comprenden los or\u00edgenes de Andorra, desde el fondo de los valles hasta la alta monta\u00f1a. La piedra seca ha tenido un sentido relevante en la historia del Principado por dos razones: la necesidad hist\u00f3rica de un territorio dedicado tradicionalmente a actividades agr\u00edcolas o ganaderas de disponer de construcciones adecuadas a esta finalidad, y la abundancia de la piedra, una materia prima excelente para la construcci\u00f3n, f\u00e1cilmente accesible a trav\u00e9s de los m\u00faltiples pedregales que hay en el pa\u00eds.<\/h4>\n<\/div>\n<\/div><\/div>\n<div id=\"cmsmasters_column_4n8ocqtmem\" class=\"cmsmasters_column one_half\">\n<div class=\"cmsmasters_column_inner\"><div id=\"cmsmasters_heading_0jz7mxtjhj\" class=\"cmsmasters_heading_wrap cmsmasters_heading_align_left\">\n\t<h2 class=\"cmsmasters_heading\"><\/h2>\n<\/div><div class=\"cmsmasters_text\">\n<p><strong>Fotos:<\/strong> Jaume Riba<\/p>\n<\/div>\n<div class=\"cmsmasters_slider\">\n\t\t\t<!-- START pedraseca REVOLUTION SLIDER 6.7.10 --><p class=\"rs-p-wp-fix\"><\/p>\n\t\t\t<rs-module-wrap id=\"rev_slider_5_1_wrapper\" data-source=\"gallery\" style=\"visibility:hidden;background:transparent;padding:0;margin:0px auto;margin-top:0;margin-bottom:0;\">\n\t\t\t\t<rs-module id=\"rev_slider_5_1\" style=\"\" data-version=\"6.7.10\">\n\t\t\t\t\t<rs-slides style=\"overflow: hidden; position: absolute;\">\n\t\t\t\t\t\t<rs-slide style=\"position: absolute;\" data-key=\"rs-25\" data-title=\"Slide\" data-thumb=\"\/\/www.calpalandorra.com\/wp-content\/uploads\/2018\/10\/pedra-seca-01-100x50.jpg\" data-anim=\"adpr:false;\">\n\t\t\t\t\t\t\t<img decoding=\"async\" src=\"\/\/www.calpalandorra.com\/wp-content\/plugins\/revslider\/sr6\/assets\/assets\/dummy.png\" alt=\"\" title=\"La \u00abPiedra Seca\u00bb\" class=\"rev-slidebg tp-rs-img rs-lazyload\" data-lazyload=\"\/\/www.calpalandorra.com\/wp-content\/uploads\/2018\/10\/pedra-seca-01.jpg\" data-no-retina>\n<!---->\t\t\t\t\t<\/rs-slide>\n\t\t\t\t\t\t<rs-slide style=\"position: absolute;\" data-key=\"rs-24\" data-title=\"Slide\" data-thumb=\"\/\/www.calpalandorra.com\/wp-content\/uploads\/2018\/10\/pedra-seca-02-100x50.jpg\" data-anim=\"adpr:false;\">\n\t\t\t\t\t\t\t<img decoding=\"async\" src=\"\/\/www.calpalandorra.com\/wp-content\/plugins\/revslider\/sr6\/assets\/assets\/dummy.png\" alt=\"\" title=\"La \u00abPiedra Seca\u00bb\" class=\"rev-slidebg tp-rs-img rs-lazyload\" data-lazyload=\"\/\/www.calpalandorra.com\/wp-content\/uploads\/2018\/10\/pedra-seca-02.jpg\" data-no-retina>\n<!---->\t\t\t\t\t<\/rs-slide>\n\t\t\t\t\t\t<rs-slide style=\"position: absolute;\" data-key=\"rs-23\" data-title=\"Slide\" data-thumb=\"\/\/www.calpalandorra.com\/wp-content\/uploads\/2018\/10\/pedra-seca-03-100x50.jpg\" data-anim=\"adpr:false;\">\n\t\t\t\t\t\t\t<img decoding=\"async\" src=\"\/\/www.calpalandorra.com\/wp-content\/plugins\/revslider\/sr6\/assets\/assets\/dummy.png\" alt=\"\" title=\"La \u00abPiedra Seca\u00bb\" class=\"rev-slidebg tp-rs-img rs-lazyload\" data-lazyload=\"\/\/www.calpalandorra.com\/wp-content\/uploads\/2018\/10\/pedra-seca-03.jpg\" data-no-retina>\n<!---->\t\t\t\t\t<\/rs-slide>\n\t\t\t\t\t\t<rs-slide style=\"position: absolute;\" data-key=\"rs-21\" data-title=\"Slide\" data-thumb=\"\/\/www.calpalandorra.com\/wp-content\/uploads\/2018\/10\/pedra-seca-06-100x50.jpg\" data-anim=\"adpr:false;\">\n\t\t\t\t\t\t\t<img decoding=\"async\" src=\"\/\/www.calpalandorra.com\/wp-content\/plugins\/revslider\/sr6\/assets\/assets\/dummy.png\" alt=\"\" title=\"La \u00abPiedra Seca\u00bb\" class=\"rev-slidebg tp-rs-img rs-lazyload\" data-lazyload=\"\/\/www.calpalandorra.com\/wp-content\/uploads\/2018\/10\/pedra-seca-06.jpg\" data-no-retina>\n<!---->\t\t\t\t\t<\/rs-slide>\n\t\t\t\t\t\t<rs-slide style=\"position: absolute;\" data-key=\"rs-22\" data-title=\"Slide\" data-thumb=\"\/\/www.calpalandorra.com\/wp-content\/uploads\/2018\/10\/pedra-seca-04-100x50.jpg\" data-anim=\"adpr:false;\">\n\t\t\t\t\t\t\t<img decoding=\"async\" src=\"\/\/www.calpalandorra.com\/wp-content\/plugins\/revslider\/sr6\/assets\/assets\/dummy.png\" alt=\"\" title=\"La \u00abPiedra Seca\u00bb\" class=\"rev-slidebg tp-rs-img rs-lazyload\" data-lazyload=\"\/\/www.calpalandorra.com\/wp-content\/uploads\/2018\/10\/pedra-seca-04.jpg\" data-no-retina>\n<!---->\t\t\t\t\t<\/rs-slide>\n\t\t\t\t\t\t<rs-slide style=\"position: absolute;\" data-key=\"rs-20\" data-title=\"Slide\" data-thumb=\"\/\/www.calpalandorra.com\/wp-content\/uploads\/2018\/10\/pedra-seca-05-100x50.jpg\" data-anim=\"adpr:false;\">\n\t\t\t\t\t\t\t<img decoding=\"async\" src=\"\/\/www.calpalandorra.com\/wp-content\/plugins\/revslider\/sr6\/assets\/assets\/dummy.png\" alt=\"\" title=\"La \u00abPiedra Seca\u00bb\" class=\"rev-slidebg tp-rs-img rs-lazyload\" data-lazyload=\"\/\/www.calpalandorra.com\/wp-content\/uploads\/2018\/10\/pedra-seca-05.jpg\" data-no-retina>\n<!---->\t\t\t\t\t<\/rs-slide>\n\t\t\t\t\t\t<rs-slide style=\"position: absolute;\" data-key=\"rs-19\" data-title=\"Slide\" data-thumb=\"\/\/www.calpalandorra.com\/wp-content\/uploads\/2018\/10\/pedra-seca-08-100x50.jpg\" data-anim=\"adpr:false;\">\n\t\t\t\t\t\t\t<img decoding=\"async\" src=\"\/\/www.calpalandorra.com\/wp-content\/plugins\/revslider\/sr6\/assets\/assets\/dummy.png\" alt=\"\" title=\"La \u00abPiedra Seca\u00bb\" class=\"rev-slidebg tp-rs-img rs-lazyload\" data-lazyload=\"\/\/www.calpalandorra.com\/wp-content\/uploads\/2018\/10\/pedra-seca-08.jpg\" data-no-retina>\n<!---->\t\t\t\t\t<\/rs-slide>\n\t\t\t\t\t<\/rs-slides>\n\t\t\t\t<\/rs-module>\n\t\t\t\t<script>\n\t\t\t\t\tsetREVStartSize({c: 'rev_slider_5_1',rl:[1240,1024,778,480],el:[492],gw:[640],gh:[492],type:'standard',justify:'',layout:'fullwidth',mh:\"0\"});if (window.RS_MODULES!==undefined && window.RS_MODULES.modules!==undefined && window.RS_MODULES.modules[\"revslider51\"]!==undefined) {window.RS_MODULES.modules[\"revslider51\"].once = false;window.revapi5 = undefined;if (window.RS_MODULES.checkMinimal!==undefined) window.RS_MODULES.checkMinimal()}\n\t\t\t\t<\/script>\n\t\t\t<\/rs-module-wrap>\n\t\t\t<!-- END REVOLUTION SLIDER -->\n<\/div>\n<\/div><\/div>\n<\/div>\n<\/div>\n<\/div>\n<\/div>\n<\/div>\n<div id=\"cmsmasters_row_59nx0y8kwq\" class=\"cmsmasters_row cmsmasters_color_scheme_default cmsmasters_row_top_default cmsmasters_row_bot_default cmsmasters_row_boxed\">\n<div class=\"cmsmasters_row_outer_parent\">\n<div class=\"cmsmasters_row_outer\">\n<div class=\"cmsmasters_row_inner\">\n<div class=\"cmsmasters_row_margin\">\n<div id=\"cmsmasters_column_mon9kgbh7\" class=\"cmsmasters_column one_first\">\n<div class=\"cmsmasters_column_inner\"><div id=\"cmsmasters_heading_obaznu6j1p\" class=\"cmsmasters_heading_wrap cmsmasters_heading_align_left\">\n\t<h2 class=\"cmsmasters_heading\"><a href=\"https:\/\/www.calpalandorra.com\/es\/es-web-app-primera-pedra\/\">Web &amp; App <\/a><\/h2>\n<\/div><div id=\"cmsmasters_heading_3guamza7kw\" class=\"cmsmasters_heading_wrap cmsmasters_heading_align_left\">\n\t<h2 class=\"cmsmasters_heading\">iOS &amp; Android<\/h2>\n<\/div>\n<\/div><\/div>\n<\/div>\n<\/div>\n<\/div>\n<\/div>\n<\/div>\n\n","protected":false},"excerpt":{"rendered":"","protected":false},"author":1,"featured_media":0,"parent":0,"menu_order":0,"comment_status":"closed","ping_status":"closed","template":"","meta":{"footnotes":""},"class_list":["post-16335","page","type-page","status-publish","hentry"],"_links":{"self":[{"href":"https:\/\/www.calpalandorra.com\/es\/wp-json\/wp\/v2\/pages\/16335","targetHints":{"allow":["GET"]}}],"collection":[{"href":"https:\/\/www.calpalandorra.com\/es\/wp-json\/wp\/v2\/pages"}],"about":[{"href":"https:\/\/www.calpalandorra.com\/es\/wp-json\/wp\/v2\/types\/page"}],"author":[{"embeddable":true,"href":"https:\/\/www.calpalandorra.com\/es\/wp-json\/wp\/v2\/users\/1"}],"replies":[{"embeddable":true,"href":"https:\/\/www.calpalandorra.com\/es\/wp-json\/wp\/v2\/comments?post=16335"}],"version-history":[{"count":9,"href":"https:\/\/www.calpalandorra.com\/es\/wp-json\/wp\/v2\/pages\/16335\/revisions"}],"predecessor-version":[{"id":17378,"href":"https:\/\/www.calpalandorra.com\/es\/wp-json\/wp\/v2\/pages\/16335\/revisions\/17378"}],"wp:attachment":[{"href":"https:\/\/www.calpalandorra.com\/es\/wp-json\/wp\/v2\/media?parent=16335"}],"curies":[{"name":"wp","href":"https:\/\/api.w.org\/{rel}","templated":true}]}}